{"id":152,"date":"2025-04-21T19:38:51","date_gmt":"2025-04-21T17:38:51","guid":{"rendered":"https:\/\/mercatdesantacatalina.com\/?page_id=152"},"modified":"2026-03-16T18:56:47","modified_gmt":"2026-03-16T17:56:47","slug":"contacte","status":"publish","type":"page","link":"https:\/\/mercatdesantacatalina.com\/ca\/contacte\/","title":{"rendered":"Contacte"},"content":{"rendered":"\n<p><strong>Mercat de Santa Catalina<\/strong> \u00b7 <a href=\"https:\/\/maps.app.goo.gl\/3mLeLTzXMTAQ5iPN6\" target=\"_blank\" rel=\"noreferrer noopener\">Pla\u00e7a de la Navegaci\u00f3, s\/n \u00b7 07013 Palma (Illes Balears)<\/a> \u00b7 Tel.: <a href=\"tel:34689100129\" target=\"_blank\" rel=\"noreferrer noopener nofollow\">+34 689 100 129<\/a><\/p>\n\n\n\n<hr class=\"wp-block-separator has-alpha-channel-opacity\"\/>\n\n\n\n<h2 class=\"wp-block-heading\">Formulari de contacte<\/h2>\n\n\n\n<div class=\"wp-block-contact-form-7-contact-form-selector\">\n<div class=\"wpcf7 no-js\" id=\"wpcf7-f147-o1\" lang=\"ca\" dir=\"ltr\" data-wpcf7-id=\"147\">\n<div class=\"screen-reader-response\"><p role=\"status\" aria-live=\"polite\" aria-atomic=\"true\"><\/p> <ul><\/ul><\/div>\n<form action=\"\/ca\/wp-json\/wp\/v2\/pages\/152#wpcf7-f147-o1\" method=\"post\" class=\"wpcf7-form init\" aria-label=\"Formulari de contacte\" novalidate=\"novalidate\" data-status=\"init\">\n<fieldset class=\"hidden-fields-container\"><input type=\"hidden\" name=\"_wpcf7\" value=\"147\" \/><input type=\"hidden\" name=\"_wpcf7_version\" value=\"6.1.5\" \/><input type=\"hidden\" name=\"_wpcf7_locale\" value=\"ca\" \/><input type=\"hidden\" name=\"_wpcf7_unit_tag\" value=\"wpcf7-f147-o1\" \/><input type=\"hidden\" name=\"_wpcf7_container_post\" value=\"0\" \/><input type=\"hidden\" name=\"_wpcf7_posted_data_hash\" value=\"\" \/><input type=\"hidden\" name=\"_wpcf7_recaptcha_response\" value=\"\" \/>\n<\/fieldset>\n<p><label> El vostre nom (obligatori)<br \/>\n<span class=\"wpcf7-form-control-wrap\" data-name=\"your-name\"><input size=\"40\" maxlength=\"400\" class=\"wpcf7-form-control wpcf7-text wpcf7-validates-as-required\" autocomplete=\"name\" aria-required=\"true\" aria-invalid=\"false\" value=\"\" type=\"text\" name=\"your-name\" \/><\/span> <\/label>\n<\/p>\n<p><label> El vostre correu electr\u00f2nic (obligatori)<br \/>\n<span class=\"wpcf7-form-control-wrap\" data-name=\"your-email\"><input size=\"40\" maxlength=\"400\" class=\"wpcf7-form-control wpcf7-email wpcf7-validates-as-required wpcf7-text wpcf7-validates-as-email\" autocomplete=\"email\" aria-required=\"true\" aria-invalid=\"false\" value=\"\" type=\"email\" name=\"your-email\" \/><\/span> <\/label>\n<\/p>\n<p><label> Assumpte (obligatori)<br \/>\n<span class=\"wpcf7-form-control-wrap\" data-name=\"your-subject\"><input size=\"40\" maxlength=\"400\" class=\"wpcf7-form-control wpcf7-text wpcf7-validates-as-required\" aria-required=\"true\" aria-invalid=\"false\" value=\"\" type=\"text\" name=\"your-subject\" \/><\/span> <\/label>\n<\/p>\n<p><label> El vostre missatge (opcional)<br \/>\n<span class=\"wpcf7-form-control-wrap\" data-name=\"your-message\"><textarea cols=\"40\" rows=\"10\" maxlength=\"2000\" class=\"wpcf7-form-control wpcf7-textarea\" aria-invalid=\"false\" name=\"your-message\"><\/textarea><\/span> <\/label>\n<\/p>\n<p><b>PROTECCI\u00d3 DE DADES<\/b>\n<\/p>\n<p style=\"font-weight:normal;\">De conformidad con lo dispuesto en el Reglamento (UE) 2016\/679, de 27 de abril de 2016 (GDPR) y la Ley Org\u00e1nica 3\/2018, de 5 de diciembre de Protecci\u00f3n de Datos Personales y garant\u00eda de los derechos digitales (LOPDGDD), le facilitamos la siguiente informaci\u00f3n del tratamiento:\n<\/p>\n<p style=\"font-weight:normal;\"><b>- Responsable<\/b>: Mercat de Santa Catalina, S.A., NIF A07690670, Pla\u00e7a de la Navegaci\u00f3, s\/n, 07013 Palma (Illes Balears).\n<\/p>\n<p style=\"font-weight:normal;\"><b>- Fines del tratamiento<\/b>: mantener una relaci\u00f3n comercial, env\u00edo de comunicaciones de productos o servicios y gesti\u00f3n de los consentimientos.\n<\/p>\n<p style=\"font-weight:normal;\"><b>- Legitimaci\u00f3n<\/b>: obligaci\u00f3n legal del Responsable y consentimiento del interesado cuando proceda.\n<\/p>\n<p style=\"font-weight:normal;\"><b>- Tipolog\u00eda y conservaci\u00f3n<\/b>: se tratan los datos m\u00ednimos necesarios para el fin y se conservan cumpliendo los plazos legales de prescripci\u00f3n.\n<\/p>\n<p style=\"font-weight:normal;\"><b>- Destinatarios de cesiones<\/b>: los necesarios para el fin del tratamiento y para el cumplimiento de obligaciones legales.\n<\/p>\n<p style=\"font-weight:normal;\"><b>- Derechos que le asisten<\/b>: acceso, rectificaci\u00f3n, portabilidad, supresi\u00f3n, limitaci\u00f3n y oposici\u00f3n.\n<\/p>\n<p style=\"font-weight:normal;\">M\u00e1s informaci\u00f3n del tratamiento: <a target=\"_blank\" rel=\"noopener noreferrer\" href=\"https:\/\/mercatdesantacatalina.com\/\"> https:\/\/mercatdesantacatalina.com\/<\/a>\n<\/p>\n<p>--\n<\/p>\n<p><span class=\"wpcf7-form-control-wrap\" data-name=\"acceptance-46\"><span class=\"wpcf7-form-control wpcf7-acceptance\"><span class=\"wpcf7-list-item\"><label><input type=\"checkbox\" name=\"acceptance-46\" value=\"1\" aria-invalid=\"false\" \/><span class=\"wpcf7-list-item-label\"><label> He llegit i accept la <a target=\"_blank\" rel=\"noopener noreferrer\" href=\"https:\/\/mercatdesantacatalina.com\/politica-privacidad\/\"> Pol\u00edtica de Privacitat <\/a> <\/label><\/span><\/label><\/span><\/span><\/span>\n<\/p>\n<p><input class=\"wpcf7-form-control wpcf7-submit has-spinner\" type=\"submit\" value=\"Envia\" \/>\n<\/p><div class=\"wpcf7-response-output\" aria-hidden=\"true\"><\/div>\n<\/form>\n<\/div>\n<\/div>\n\n\n\n<hr class=\"wp-block-separator has-alpha-channel-opacity\"\/>\n\n\n\n<h2 class=\"wp-block-heading\">Ubicaci\u00f3<\/h2>\n\n\n\n<p><a href=\"https:\/\/maps.app.goo.gl\/3mLeLTzXMTAQ5iPN6\">https:\/\/maps.app.goo.gl\/3mLeLTzXMTAQ5iPN6<\/a><\/p>\n\n\n\n<iframe src=\"https:\/\/www.google.com\/maps\/embed?pb=!1m18!1m12!1m3!1d3075.486178973186!2d2.635699975193743!3d39.57119187158802!2m3!1f0!2f0!3f0!3m2!1i1024!2i768!4f13.1!3m3!1m2!1s0x12979267eca170bd%3A0x2d0f2ea8b399a483!2sMercat%20de%20Santa%20Catalina!5e0!3m2!1sca!2ses!4v1745317697781!5m2!1sca!2ses\" width=\"1000\" height=\"667\" style=\"border:0;\" allowfullscreen=\"\" loading=\"lazy\" referrerpolicy=\"no-referrer-when-downgrade\"><\/iframe>\n\n\n\n<p><\/p>\n","protected":false},"excerpt":{"rendered":"<p>Mercat de Santa Catalina \u00b7 Pla\u00e7a de la Navegaci\u00f3, s\/n \u00b7 07013 Palma (Illes Balears) \u00b7 Tel.: +34 689 100 129 Formulari de contacte Ubicaci\u00f3 https:\/\/maps.app.goo.gl\/3mLeLTzXMTAQ5iPN6<\/p>\n","protected":false},"author":2,"featured_media":0,"parent":0,"menu_order":40,"comment_status":"closed","ping_status":"closed","template":"page-templates\/full-width.php","meta":{"footnotes":""},"class_list":["post-152","page","type-page","status-publish","hentry"],"yoast_head":"<!-- This site is optimized with the Yoast SEO plugin v27.3 - https:\/\/yoast.com\/product\/yoast-seo-wordpress\/ -->\n<title>Contacte - Mercat de Santa Catalina<\/title>\n<meta name=\"robots\" content=\"index, follow, max-snippet:-1, max-image-preview:large, max-video-preview:-1\" \/>\n<link rel=\"canonical\" href=\"https:\/\/mercatdesantacatalina.com\/ca\/contacte\/\" \/>\n<meta property=\"og:locale\" content=\"ca_ES\" \/>\n<meta property=\"og:type\" content=\"article\" \/>\n<meta property=\"og:title\" content=\"Contacte - Mercat de Santa Catalina\" \/>\n<meta property=\"og:description\" content=\"Mercat de Santa Catalina \u00b7 Pla\u00e7a de la Navegaci\u00f3, s\/n \u00b7 07013 Palma (Illes Balears) \u00b7 Tel.: +34 689 100 129 Formulari de contacte Ubicaci\u00f3 https:\/\/maps.app.goo.gl\/3mLeLTzXMTAQ5iPN6\" \/>\n<meta property=\"og:url\" content=\"https:\/\/mercatdesantacatalina.com\/ca\/contacte\/\" \/>\n<meta property=\"og:site_name\" content=\"Mercat de Santa Catalina\" \/>\n<meta property=\"article:publisher\" content=\"https:\/\/www.facebook.com\/mercatsantacatalina\/\" \/>\n<meta property=\"article:modified_time\" content=\"2026-03-16T17:56:47+00:00\" \/>\n<meta name=\"twitter:card\" content=\"summary_large_image\" \/>\n<meta name=\"twitter:label1\" content=\"Temps estimat de lectura\" \/>\n\t<meta name=\"twitter:data1\" content=\"1 minut\" \/>\n<script type=\"application\/ld+json\" class=\"yoast-schema-graph\">{\"@context\":\"https:\\\/\\\/schema.org\",\"@graph\":[{\"@type\":\"WebPage\",\"@id\":\"https:\\\/\\\/mercatdesantacatalina.com\\\/ca\\\/contacte\\\/\",\"url\":\"https:\\\/\\\/mercatdesantacatalina.com\\\/ca\\\/contacte\\\/\",\"name\":\"Contacte - Mercat de Santa Catalina\",\"isPartOf\":{\"@id\":\"https:\\\/\\\/mercatdesantacatalina.com\\\/ca\\\/#website\"},\"datePublished\":\"2025-04-21T17:38:51+00:00\",\"dateModified\":\"2026-03-16T17:56:47+00:00\",\"breadcrumb\":{\"@id\":\"https:\\\/\\\/mercatdesantacatalina.com\\\/ca\\\/contacte\\\/#breadcrumb\"},\"inLanguage\":\"ca\",\"potentialAction\":[{\"@type\":\"ReadAction\",\"target\":[\"https:\\\/\\\/mercatdesantacatalina.com\\\/ca\\\/contacte\\\/\"]}]},{\"@type\":\"BreadcrumbList\",\"@id\":\"https:\\\/\\\/mercatdesantacatalina.com\\\/ca\\\/contacte\\\/#breadcrumb\",\"itemListElement\":[{\"@type\":\"ListItem\",\"position\":1,\"name\":\"Portada\",\"item\":\"https:\\\/\\\/mercatdesantacatalina.com\\\/ca\\\/inici\\\/\"},{\"@type\":\"ListItem\",\"position\":2,\"name\":\"Contacte\"}]},{\"@type\":\"WebSite\",\"@id\":\"https:\\\/\\\/mercatdesantacatalina.com\\\/ca\\\/#website\",\"url\":\"https:\\\/\\\/mercatdesantacatalina.com\\\/ca\\\/\",\"name\":\"Mercat de Santa Catalina\",\"description\":\"Mercado municipal decano de Palma\",\"publisher\":{\"@id\":\"https:\\\/\\\/mercatdesantacatalina.com\\\/ca\\\/#organization\"},\"potentialAction\":[{\"@type\":\"SearchAction\",\"target\":{\"@type\":\"EntryPoint\",\"urlTemplate\":\"https:\\\/\\\/mercatdesantacatalina.com\\\/ca\\\/?s={search_term_string}\"},\"query-input\":{\"@type\":\"PropertyValueSpecification\",\"valueRequired\":true,\"valueName\":\"search_term_string\"}}],\"inLanguage\":\"ca\"},{\"@type\":\"Organization\",\"@id\":\"https:\\\/\\\/mercatdesantacatalina.com\\\/ca\\\/#organization\",\"name\":\"Mercat de Santa Catalina\",\"url\":\"https:\\\/\\\/mercatdesantacatalina.com\\\/ca\\\/\",\"logo\":{\"@type\":\"ImageObject\",\"inLanguage\":\"ca\",\"@id\":\"https:\\\/\\\/mercatdesantacatalina.com\\\/ca\\\/#\\\/schema\\\/logo\\\/image\\\/\",\"url\":\"https:\\\/\\\/mercatdesantacatalina.com\\\/wp-content\\\/uploads\\\/2025\\\/05\\\/Logo-Mercat-Santa-Catalina-1000px.png\",\"contentUrl\":\"https:\\\/\\\/mercatdesantacatalina.com\\\/wp-content\\\/uploads\\\/2025\\\/05\\\/Logo-Mercat-Santa-Catalina-1000px.png\",\"width\":1000,\"height\":1000,\"caption\":\"Mercat de Santa Catalina\"},\"image\":{\"@id\":\"https:\\\/\\\/mercatdesantacatalina.com\\\/ca\\\/#\\\/schema\\\/logo\\\/image\\\/\"},\"sameAs\":[\"https:\\\/\\\/www.facebook.com\\\/mercatsantacatalina\\\/\",\"https:\\\/\\\/www.instagram.com\\\/mercatdesantacatalina\\\/\"]}]}<\/script>\n<!-- \/ Yoast SEO plugin. -->","yoast_head_json":{"title":"Contacte - Mercat de Santa Catalina","robots":{"index":"index","follow":"follow","max-snippet":"max-snippet:-1","max-image-preview":"max-image-preview:large","max-video-preview":"max-video-preview:-1"},"canonical":"https:\/\/mercatdesantacatalina.com\/ca\/contacte\/","og_locale":"ca_ES","og_type":"article","og_title":"Contacte - Mercat de Santa Catalina","og_description":"Mercat de Santa Catalina \u00b7 Pla\u00e7a de la Navegaci\u00f3, s\/n \u00b7 07013 Palma (Illes Balears) \u00b7 Tel.: +34 689 100 129 Formulari de contacte Ubicaci\u00f3 https:\/\/maps.app.goo.gl\/3mLeLTzXMTAQ5iPN6","og_url":"https:\/\/mercatdesantacatalina.com\/ca\/contacte\/","og_site_name":"Mercat de Santa Catalina","article_publisher":"https:\/\/www.facebook.com\/mercatsantacatalina\/","article_modified_time":"2026-03-16T17:56:47+00:00","twitter_card":"summary_large_image","twitter_misc":{"Temps estimat de lectura":"1 minut"},"schema":{"@context":"https:\/\/schema.org","@graph":[{"@type":"WebPage","@id":"https:\/\/mercatdesantacatalina.com\/ca\/contacte\/","url":"https:\/\/mercatdesantacatalina.com\/ca\/contacte\/","name":"Contacte - Mercat de Santa Catalina","isPartOf":{"@id":"https:\/\/mercatdesantacatalina.com\/ca\/#website"},"datePublished":"2025-04-21T17:38:51+00:00","dateModified":"2026-03-16T17:56:47+00:00","breadcrumb":{"@id":"https:\/\/mercatdesantacatalina.com\/ca\/contacte\/#breadcrumb"},"inLanguage":"ca","potentialAction":[{"@type":"ReadAction","target":["https:\/\/mercatdesantacatalina.com\/ca\/contacte\/"]}]},{"@type":"BreadcrumbList","@id":"https:\/\/mercatdesantacatalina.com\/ca\/contacte\/#breadcrumb","itemListElement":[{"@type":"ListItem","position":1,"name":"Portada","item":"https:\/\/mercatdesantacatalina.com\/ca\/inici\/"},{"@type":"ListItem","position":2,"name":"Contacte"}]},{"@type":"WebSite","@id":"https:\/\/mercatdesantacatalina.com\/ca\/#website","url":"https:\/\/mercatdesantacatalina.com\/ca\/","name":"Mercat de Santa Catalina","description":"Mercado municipal decano de Palma","publisher":{"@id":"https:\/\/mercatdesantacatalina.com\/ca\/#organization"},"potentialAction":[{"@type":"SearchAction","target":{"@type":"EntryPoint","urlTemplate":"https:\/\/mercatdesantacatalina.com\/ca\/?s={search_term_string}"},"query-input":{"@type":"PropertyValueSpecification","valueRequired":true,"valueName":"search_term_string"}}],"inLanguage":"ca"},{"@type":"Organization","@id":"https:\/\/mercatdesantacatalina.com\/ca\/#organization","name":"Mercat de Santa Catalina","url":"https:\/\/mercatdesantacatalina.com\/ca\/","logo":{"@type":"ImageObject","inLanguage":"ca","@id":"https:\/\/mercatdesantacatalina.com\/ca\/#\/schema\/logo\/image\/","url":"https:\/\/mercatdesantacatalina.com\/wp-content\/uploads\/2025\/05\/Logo-Mercat-Santa-Catalina-1000px.png","contentUrl":"https:\/\/mercatdesantacatalina.com\/wp-content\/uploads\/2025\/05\/Logo-Mercat-Santa-Catalina-1000px.png","width":1000,"height":1000,"caption":"Mercat de Santa Catalina"},"image":{"@id":"https:\/\/mercatdesantacatalina.com\/ca\/#\/schema\/logo\/image\/"},"sameAs":["https:\/\/www.facebook.com\/mercatsantacatalina\/","https:\/\/www.instagram.com\/mercatdesantacatalina\/"]}]}},"_links":{"self":[{"href":"https:\/\/mercatdesantacatalina.com\/ca\/wp-json\/wp\/v2\/pages\/152","targetHints":{"allow":["GET"]}}],"collection":[{"href":"https:\/\/mercatdesantacatalina.com\/ca\/wp-json\/wp\/v2\/pages"}],"about":[{"href":"https:\/\/mercatdesantacatalina.com\/ca\/wp-json\/wp\/v2\/types\/page"}],"author":[{"embeddable":true,"href":"https:\/\/mercatdesantacatalina.com\/ca\/wp-json\/wp\/v2\/users\/2"}],"replies":[{"embeddable":true,"href":"https:\/\/mercatdesantacatalina.com\/ca\/wp-json\/wp\/v2\/comments?post=152"}],"version-history":[{"count":2,"href":"https:\/\/mercatdesantacatalina.com\/ca\/wp-json\/wp\/v2\/pages\/152\/revisions"}],"predecessor-version":[{"id":18894,"href":"https:\/\/mercatdesantacatalina.com\/ca\/wp-json\/wp\/v2\/pages\/152\/revisions\/18894"}],"wp:attachment":[{"href":"https:\/\/mercatdesantacatalina.com\/ca\/wp-json\/wp\/v2\/media?parent=152"}],"curies":[{"name":"wp","href":"https:\/\/api.w.org\/{rel}","templated":true}]}}