{"id":2584,"date":"2025-05-01T19:50:51","date_gmt":"2025-05-01T17:50:51","guid":{"rendered":"https:\/\/mercatdesantacatalina.com\/?page_id=2584"},"modified":"2025-05-03T20:29:39","modified_gmt":"2025-05-03T18:29:39","slug":"xarcuteria-formatges-embotits","status":"publish","type":"page","link":"https:\/\/mercatdesantacatalina.com\/ca\/xarcuteria-formatges-embotits\/","title":{"rendered":"Xarcuteria, formatges i embotits"},"content":{"rendered":"<div class='pt-cv-wrapper'> <div class=\"pt-cv-view pt-cv-blockgrid iscvblock iscvreal grid1 layout1 cveffect-darken pt-cv-left\" id=\"pt-cv-view-mws0qxbb\"><div data-id=\"pt-cv-page-1\" class=\"pt-cv-page\" data-cvc=\"2\"><div class=\" pt-cv-content-item pt-cv-1-col\"  data-pid=\"2535\"><div class=\"pt-cv-thumb-wrapper  \"><a href=\"https:\/\/mercatdesantacatalina.com\/ca\/xarcuteria-franch\/\" class=\"_self pt-cv-href-thumbnail pt-cv-thumb-default\" target=\"_self\" ><img loading=\"lazy\" decoding=\"async\" width=\"1000\" height=\"667\" src=\"https:\/\/mercatdesantacatalina.com\/wp-content\/uploads\/2025\/05\/Charcuteria-Franch-388-1000x667.jpg\" class=\"pt-cv-thumbnail\" alt=\"Charcuter\u00eda Franch (Mercat Santa Catalina)\" \/><\/a><div class=\"pt-cv-taxoterm over_bottom_right\"><a href='https:\/\/mercatdesantacatalina.com\/ca\/categoria\/parada\/' title='Parades' class='pt-cv-tax-parada'>Parades<\/a><a href='https:\/\/mercatdesantacatalina.com\/ca\/categoria\/parada\/xarcuteria-formatges-embotits\/' title='Xarcuteria, formatges i embotits' class='pt-cv-tax-xarcuteria-formatges-embotits'>Xarcuteria, formatges i embotits<\/a><\/div><\/div>\n<h4 class=\"pt-cv-title\"><a href=\"https:\/\/mercatdesantacatalina.com\/ca\/xarcuteria-franch\/\" class=\"_self\" target=\"_self\" >Xarcuteria Franch<\/a><\/h4>\n<div class=\"pt-cv-content\">Parada 7 &#8230;<\/div>\n<div class=\"pt-cv-rmwrap\"><a href=\"https:\/\/mercatdesantacatalina.com\/ca\/xarcuteria-franch\/\" class=\"_self pt-cv-readmore btn btn-success\" target=\"_self\" >Llegiu-ne m\u00e9s&#8230;<\/a><\/div>\n<div class=\"pt-cv-meta-fields\"><span class=\"entry-date\"> <time datetime=\"2025-05-06T11:10:30+02:00\">6 de maig de 2025<\/time><\/span><span> &#8210; <\/span><span class=\"author\"> <a href=\"https:\/\/mercatdesantacatalina.com\/ca\/author\/mercat-de-santa-catalina\/\" rel=\"author\">Mercat de Santa Catalina<\/a><\/span><\/div><\/div>\n<div class=\" pt-cv-content-item pt-cv-1-col\"  data-pid=\"2548\"><div class=\"pt-cv-thumb-wrapper  \"><a href=\"https:\/\/mercatdesantacatalina.com\/ca\/xarcuteria-selecta-izquierdo\/\" class=\"_self pt-cv-href-thumbnail pt-cv-thumb-default\" target=\"_self\" ><img loading=\"lazy\" decoding=\"async\" width=\"1000\" height=\"667\" src=\"https:\/\/mercatdesantacatalina.com\/wp-content\/uploads\/2025\/05\/Charcuteria-Selecta-Izquierdo-312-1000x667.jpg\" class=\"pt-cv-thumbnail\" alt=\"Charcuter\u00eda Selecta Izquierdo (Mercat Santa Catalina)\" \/><\/a><div class=\"pt-cv-taxoterm over_bottom_right\"><a href='https:\/\/mercatdesantacatalina.com\/ca\/categoria\/parada\/' title='Parades' class='pt-cv-tax-parada'>Parades<\/a><a href='https:\/\/mercatdesantacatalina.com\/ca\/categoria\/parada\/xarcuteria-formatges-embotits\/' title='Xarcuteria, formatges i embotits' class='pt-cv-tax-xarcuteria-formatges-embotits'>Xarcuteria, formatges i embotits<\/a><\/div><\/div>\n<h4 class=\"pt-cv-title\"><a href=\"https:\/\/mercatdesantacatalina.com\/ca\/xarcuteria-selecta-izquierdo\/\" class=\"_self\" target=\"_self\" >Xarcuteria Selecta Fausto Izquierdo<\/a><\/h4>\n<div class=\"pt-cv-content\">Parades 17-18, 72-74 &#8230;<\/div>\n<div class=\"pt-cv-rmwrap\"><a href=\"https:\/\/mercatdesantacatalina.com\/ca\/xarcuteria-selecta-izquierdo\/\" class=\"_self pt-cv-readmore btn btn-success\" target=\"_self\" >Llegiu-ne m\u00e9s&#8230;<\/a><\/div>\n<div class=\"pt-cv-meta-fields\"><span class=\"entry-date\"> <time datetime=\"2025-05-06T11:45:26+02:00\">6 de maig de 2025<\/time><\/span><span> &#8210; <\/span><span class=\"author\"> <a href=\"https:\/\/mercatdesantacatalina.com\/ca\/author\/mercat-de-santa-catalina\/\" rel=\"author\">Mercat de Santa Catalina<\/a><\/span><\/div><\/div>\n<div class=\" pt-cv-content-item pt-cv-1-col\"  data-pid=\"2556\"><div class=\"pt-cv-thumb-wrapper  \"><a href=\"https:\/\/mercatdesantacatalina.com\/ca\/sagla\/\" class=\"_self pt-cv-href-thumbnail pt-cv-thumb-default\" target=\"_self\" ><img loading=\"lazy\" decoding=\"async\" width=\"1000\" height=\"667\" src=\"https:\/\/mercatdesantacatalina.com\/wp-content\/uploads\/2025\/05\/Sagla-371-1000x667.jpg\" class=\"pt-cv-thumbnail\" alt=\"Sagl\u00e0, quesos artesanos del mundo (Mercat Santa Catalina)\" \/><\/a><div class=\"pt-cv-taxoterm over_bottom_right\"><a href='https:\/\/mercatdesantacatalina.com\/ca\/categoria\/parada\/' title='Parades' class='pt-cv-tax-parada'>Parades<\/a><a href='https:\/\/mercatdesantacatalina.com\/ca\/categoria\/parada\/xarcuteria-formatges-embotits\/' title='Xarcuteria, formatges i embotits' class='pt-cv-tax-xarcuteria-formatges-embotits'>Xarcuteria, formatges i embotits<\/a><\/div><\/div>\n<h4 class=\"pt-cv-title\"><a href=\"https:\/\/mercatdesantacatalina.com\/ca\/sagla\/\" class=\"_self\" target=\"_self\" >Sagl\u00e0, pernil i formatge<\/a><\/h4>\n<div class=\"pt-cv-content\">Parades 48-50 &#8230;<\/div>\n<div class=\"pt-cv-rmwrap\"><a href=\"https:\/\/mercatdesantacatalina.com\/ca\/sagla\/\" class=\"_self pt-cv-readmore btn btn-success\" target=\"_self\" >Llegiu-ne m\u00e9s&#8230;<\/a><\/div>\n<div class=\"pt-cv-meta-fields\"><span class=\"entry-date\"> <time datetime=\"2025-05-06T12:35:42+02:00\">6 de maig de 2025<\/time><\/span><span> &#8210; <\/span><span class=\"author\"> <a href=\"https:\/\/mercatdesantacatalina.com\/ca\/author\/mercat-de-santa-catalina\/\" rel=\"author\">Mercat de Santa Catalina<\/a><\/span><\/div><\/div>\n<div class=\" pt-cv-content-item pt-cv-1-col\"  data-pid=\"2565\"><div class=\"pt-cv-thumb-wrapper  \"><a href=\"https:\/\/mercatdesantacatalina.com\/ca\/xarcuteria-aixo-es-bo\/\" class=\"_self pt-cv-href-thumbnail pt-cv-thumb-default\" target=\"_self\" ><img loading=\"lazy\" decoding=\"async\" width=\"1000\" height=\"667\" src=\"https:\/\/mercatdesantacatalina.com\/wp-content\/uploads\/2025\/05\/Aixo-Es-Bo-341-1000x667.jpg\" class=\"pt-cv-thumbnail\" alt=\"Charcuter\u00eda Aix\u00f2 \u00c9s Bo (Mercat Santa Catalina)\" \/><\/a><div class=\"pt-cv-taxoterm over_bottom_right\"><a href='https:\/\/mercatdesantacatalina.com\/ca\/categoria\/parada\/' title='Parades' class='pt-cv-tax-parada'>Parades<\/a><a href='https:\/\/mercatdesantacatalina.com\/ca\/categoria\/parada\/xarcuteria-formatges-embotits\/' title='Xarcuteria, formatges i embotits' class='pt-cv-tax-xarcuteria-formatges-embotits'>Xarcuteria, formatges i embotits<\/a><\/div><\/div>\n<h4 class=\"pt-cv-title\"><a href=\"https:\/\/mercatdesantacatalina.com\/ca\/xarcuteria-aixo-es-bo\/\" class=\"_self\" target=\"_self\" >Xarcuteria Aix\u00f2 \u00c9s Bo<\/a><\/h4>\n<div class=\"pt-cv-content\">Parades 51-53 &#8230;<\/div>\n<div class=\"pt-cv-rmwrap\"><a href=\"https:\/\/mercatdesantacatalina.com\/ca\/xarcuteria-aixo-es-bo\/\" class=\"_self pt-cv-readmore btn btn-success\" target=\"_self\" >Llegiu-ne m\u00e9s&#8230;<\/a><\/div>\n<div class=\"pt-cv-meta-fields\"><span class=\"entry-date\"> <time datetime=\"2025-05-06T12:40:14+02:00\">6 de maig de 2025<\/time><\/span><span> &#8210; <\/span><span class=\"author\"> <a href=\"https:\/\/mercatdesantacatalina.com\/ca\/author\/mercat-de-santa-catalina\/\" rel=\"author\">Mercat de Santa Catalina<\/a><\/span><\/div><\/div>\n<div class=\" pt-cv-content-item pt-cv-1-col\"  data-pid=\"2571\"><div class=\"pt-cv-thumb-wrapper  \"><a href=\"https:\/\/mercatdesantacatalina.com\/ca\/es-reco-by-antonio-serra\/\" class=\"_self pt-cv-href-thumbnail pt-cv-thumb-default\" target=\"_self\" ><img loading=\"lazy\" decoding=\"async\" width=\"1000\" height=\"667\" src=\"https:\/\/mercatdesantacatalina.com\/wp-content\/uploads\/2025\/05\/Es-Reco-by-Antonio-Serra-356-1000x667.jpg\" class=\"pt-cv-thumbnail\" alt=\"Es Rec\u00f3 by Antonio Serra (Mercat Santa Catalina)\" \/><\/a><div class=\"pt-cv-taxoterm over_bottom_right\"><a href='https:\/\/mercatdesantacatalina.com\/ca\/categoria\/parada\/' title='Parades' class='pt-cv-tax-parada'>Parades<\/a><a href='https:\/\/mercatdesantacatalina.com\/ca\/categoria\/parada\/xarcuteria-formatges-embotits\/' title='Xarcuteria, formatges i embotits' class='pt-cv-tax-xarcuteria-formatges-embotits'>Xarcuteria, formatges i embotits<\/a><\/div><\/div>\n<h4 class=\"pt-cv-title\"><a href=\"https:\/\/mercatdesantacatalina.com\/ca\/es-reco-by-antonio-serra\/\" class=\"_self\" target=\"_self\" >Es Rec\u00f3 by Antonio Serra<\/a><\/h4>\n<div class=\"pt-cv-content\">Parada 136 &#8230;<\/div>\n<div class=\"pt-cv-rmwrap\"><a href=\"https:\/\/mercatdesantacatalina.com\/ca\/es-reco-by-antonio-serra\/\" class=\"_self pt-cv-readmore btn btn-success\" target=\"_self\" >Llegiu-ne m\u00e9s&#8230;<\/a><\/div>\n<div class=\"pt-cv-meta-fields\"><span class=\"entry-date\"> <time datetime=\"2025-05-06T14:40:09+02:00\">6 de maig de 2025<\/time><\/span><span> &#8210; <\/span><span class=\"author\"> <a href=\"https:\/\/mercatdesantacatalina.com\/ca\/author\/mercat-de-santa-catalina\/\" rel=\"author\">Mercat de Santa Catalina<\/a><\/span><\/div><\/div><\/div><\/div> <\/div> <style>\n#pt-cv-view-mws0qxbb {text-align: left}\n#pt-cv-view-mws0qxbb .pt-cv-content-item { border-style: none; }#pt-cv-view-mws0qxbb .pt-cv-meta-fields {  }#pt-cv-view-mws0qxbb .pt-cv-meta-fields * { font-size: 13px; }#pt-cv-view-mws0qxbb .pt-cv-title a { display: block; }#pt-cv-view-mws0qxbb .pt-cv-title:not(.pt-cv-titlesm) a { font-weight: 600;text-decoration: none;font-size: 20px; }#pt-cv-view-mws0qxbb .pt-cv-titlesm a { font-weight: 600;font-size: 18px; }#pt-cv-view-mws0qxbb .pt-cv-content { font-size: 15px; }#pt-cv-view-mws0qxbb .pt-cv-rmwrap {  }#pt-cv-view-mws0qxbb .pt-cv-readmore { color: #fff;background-color: #010066;font-size: 14px; }#pt-cv-view-mws0qxbb .pt-cv-taxoterm {  }#pt-cv-view-mws0qxbb .pt-cv-taxoterm * { color: #222;background-color: #fff6f6;font-size: 14px; }#pt-cv-view-mws0qxbb + .pt-cv-pagination-wrapper { text-align: left; }#pt-cv-view-mws0qxbb + .pt-cv-pagination-wrapper a { font-size: 14px; }#pt-cv-view-mws0qxbb > .pt-cv-page {grid-template-columns: repeat(2, 1fr);grid-gap: 20px;}\n@media all and (max-width: 1024px) { \n#pt-cv-view-mws0qxbb > .pt-cv-page {grid-template-columns: repeat(2, 1fr);}\n} \n@media all and (max-width: 767px) { \n#pt-cv-view-mws0qxbb > .pt-cv-page {grid-template-columns: repeat(1, 1fr);}\n} <\/style><link href='\/\/fonts.googleapis.com\/css?family=Default' rel='stylesheet' type='text\/css'>","protected":false},"excerpt":{"rendered":"","protected":false},"author":2,"featured_media":0,"parent":0,"menu_order":0,"comment_status":"closed","ping_status":"closed","template":"page-templates\/full-width.php","meta":{"footnotes":""},"class_list":["post-2584","page","type-page","status-publish","hentry"],"yoast_head":"<!-- This site is optimized with the Yoast SEO plugin v27.3 - https:\/\/yoast.com\/product\/yoast-seo-wordpress\/ -->\n<title>Xarcuteria, formatges i embotits - Mercat de Santa Catalina<\/title>\n<meta name=\"robots\" content=\"index, follow, max-snippet:-1, max-image-preview:large, max-video-preview:-1\" \/>\n<link rel=\"canonical\" href=\"https:\/\/mercatdesantacatalina.com\/ca\/xarcuteria-formatges-embotits\/\" \/>\n<meta property=\"og:locale\" content=\"ca_ES\" \/>\n<meta property=\"og:type\" content=\"article\" \/>\n<meta property=\"og:title\" content=\"Xarcuteria, formatges i embotits - Mercat de Santa Catalina\" \/>\n<meta property=\"og:url\" content=\"https:\/\/mercatdesantacatalina.com\/ca\/xarcuteria-formatges-embotits\/\" \/>\n<meta property=\"og:site_name\" content=\"Mercat de Santa Catalina\" \/>\n<meta property=\"article:publisher\" content=\"https:\/\/www.facebook.com\/mercatsantacatalina\/\" \/>\n<meta property=\"article:modified_time\" content=\"2025-05-03T18:29:39+00:00\" \/>\n<meta name=\"twitter:card\" content=\"summary_large_image\" \/>\n<script type=\"application\/ld+json\" class=\"yoast-schema-graph\">{\"@context\":\"https:\\\/\\\/schema.org\",\"@graph\":[{\"@type\":\"WebPage\",\"@id\":\"https:\\\/\\\/mercatdesantacatalina.com\\\/ca\\\/xarcuteria-formatges-embotits\\\/\",\"url\":\"https:\\\/\\\/mercatdesantacatalina.com\\\/ca\\\/xarcuteria-formatges-embotits\\\/\",\"name\":\"Xarcuteria, formatges i embotits - Mercat de Santa Catalina\",\"isPartOf\":{\"@id\":\"https:\\\/\\\/mercatdesantacatalina.com\\\/ca\\\/#website\"},\"datePublished\":\"2025-05-01T17:50:51+00:00\",\"dateModified\":\"2025-05-03T18:29:39+00:00\",\"breadcrumb\":{\"@id\":\"https:\\\/\\\/mercatdesantacatalina.com\\\/ca\\\/xarcuteria-formatges-embotits\\\/#breadcrumb\"},\"inLanguage\":\"ca\",\"potentialAction\":[{\"@type\":\"ReadAction\",\"target\":[\"https:\\\/\\\/mercatdesantacatalina.com\\\/ca\\\/xarcuteria-formatges-embotits\\\/\"]}]},{\"@type\":\"BreadcrumbList\",\"@id\":\"https:\\\/\\\/mercatdesantacatalina.com\\\/ca\\\/xarcuteria-formatges-embotits\\\/#breadcrumb\",\"itemListElement\":[{\"@type\":\"ListItem\",\"position\":1,\"name\":\"Portada\",\"item\":\"https:\\\/\\\/mercatdesantacatalina.com\\\/ca\\\/inici\\\/\"},{\"@type\":\"ListItem\",\"position\":2,\"name\":\"Xarcuteria, formatges i embotits\"}]},{\"@type\":\"WebSite\",\"@id\":\"https:\\\/\\\/mercatdesantacatalina.com\\\/ca\\\/#website\",\"url\":\"https:\\\/\\\/mercatdesantacatalina.com\\\/ca\\\/\",\"name\":\"Mercat de Santa Catalina\",\"description\":\"Mercado municipal decano de Palma\",\"publisher\":{\"@id\":\"https:\\\/\\\/mercatdesantacatalina.com\\\/ca\\\/#organization\"},\"potentialAction\":[{\"@type\":\"SearchAction\",\"target\":{\"@type\":\"EntryPoint\",\"urlTemplate\":\"https:\\\/\\\/mercatdesantacatalina.com\\\/ca\\\/?s={search_term_string}\"},\"query-input\":{\"@type\":\"PropertyValueSpecification\",\"valueRequired\":true,\"valueName\":\"search_term_string\"}}],\"inLanguage\":\"ca\"},{\"@type\":\"Organization\",\"@id\":\"https:\\\/\\\/mercatdesantacatalina.com\\\/ca\\\/#organization\",\"name\":\"Mercat de Santa Catalina\",\"url\":\"https:\\\/\\\/mercatdesantacatalina.com\\\/ca\\\/\",\"logo\":{\"@type\":\"ImageObject\",\"inLanguage\":\"ca\",\"@id\":\"https:\\\/\\\/mercatdesantacatalina.com\\\/ca\\\/#\\\/schema\\\/logo\\\/image\\\/\",\"url\":\"https:\\\/\\\/mercatdesantacatalina.com\\\/wp-content\\\/uploads\\\/2025\\\/05\\\/Logo-Mercat-Santa-Catalina-1000px.png\",\"contentUrl\":\"https:\\\/\\\/mercatdesantacatalina.com\\\/wp-content\\\/uploads\\\/2025\\\/05\\\/Logo-Mercat-Santa-Catalina-1000px.png\",\"width\":1000,\"height\":1000,\"caption\":\"Mercat de Santa Catalina\"},\"image\":{\"@id\":\"https:\\\/\\\/mercatdesantacatalina.com\\\/ca\\\/#\\\/schema\\\/logo\\\/image\\\/\"},\"sameAs\":[\"https:\\\/\\\/www.facebook.com\\\/mercatsantacatalina\\\/\",\"https:\\\/\\\/www.instagram.com\\\/mercatdesantacatalina\\\/\"]}]}<\/script>\n<!-- \/ Yoast SEO plugin. -->","yoast_head_json":{"title":"Xarcuteria, formatges i embotits - Mercat de Santa Catalina","robots":{"index":"index","follow":"follow","max-snippet":"max-snippet:-1","max-image-preview":"max-image-preview:large","max-video-preview":"max-video-preview:-1"},"canonical":"https:\/\/mercatdesantacatalina.com\/ca\/xarcuteria-formatges-embotits\/","og_locale":"ca_ES","og_type":"article","og_title":"Xarcuteria, formatges i embotits - Mercat de Santa Catalina","og_url":"https:\/\/mercatdesantacatalina.com\/ca\/xarcuteria-formatges-embotits\/","og_site_name":"Mercat de Santa Catalina","article_publisher":"https:\/\/www.facebook.com\/mercatsantacatalina\/","article_modified_time":"2025-05-03T18:29:39+00:00","twitter_card":"summary_large_image","schema":{"@context":"https:\/\/schema.org","@graph":[{"@type":"WebPage","@id":"https:\/\/mercatdesantacatalina.com\/ca\/xarcuteria-formatges-embotits\/","url":"https:\/\/mercatdesantacatalina.com\/ca\/xarcuteria-formatges-embotits\/","name":"Xarcuteria, formatges i embotits - Mercat de Santa Catalina","isPartOf":{"@id":"https:\/\/mercatdesantacatalina.com\/ca\/#website"},"datePublished":"2025-05-01T17:50:51+00:00","dateModified":"2025-05-03T18:29:39+00:00","breadcrumb":{"@id":"https:\/\/mercatdesantacatalina.com\/ca\/xarcuteria-formatges-embotits\/#breadcrumb"},"inLanguage":"ca","potentialAction":[{"@type":"ReadAction","target":["https:\/\/mercatdesantacatalina.com\/ca\/xarcuteria-formatges-embotits\/"]}]},{"@type":"BreadcrumbList","@id":"https:\/\/mercatdesantacatalina.com\/ca\/xarcuteria-formatges-embotits\/#breadcrumb","itemListElement":[{"@type":"ListItem","position":1,"name":"Portada","item":"https:\/\/mercatdesantacatalina.com\/ca\/inici\/"},{"@type":"ListItem","position":2,"name":"Xarcuteria, formatges i embotits"}]},{"@type":"WebSite","@id":"https:\/\/mercatdesantacatalina.com\/ca\/#website","url":"https:\/\/mercatdesantacatalina.com\/ca\/","name":"Mercat de Santa Catalina","description":"Mercado municipal decano de Palma","publisher":{"@id":"https:\/\/mercatdesantacatalina.com\/ca\/#organization"},"potentialAction":[{"@type":"SearchAction","target":{"@type":"EntryPoint","urlTemplate":"https:\/\/mercatdesantacatalina.com\/ca\/?s={search_term_string}"},"query-input":{"@type":"PropertyValueSpecification","valueRequired":true,"valueName":"search_term_string"}}],"inLanguage":"ca"},{"@type":"Organization","@id":"https:\/\/mercatdesantacatalina.com\/ca\/#organization","name":"Mercat de Santa Catalina","url":"https:\/\/mercatdesantacatalina.com\/ca\/","logo":{"@type":"ImageObject","inLanguage":"ca","@id":"https:\/\/mercatdesantacatalina.com\/ca\/#\/schema\/logo\/image\/","url":"https:\/\/mercatdesantacatalina.com\/wp-content\/uploads\/2025\/05\/Logo-Mercat-Santa-Catalina-1000px.png","contentUrl":"https:\/\/mercatdesantacatalina.com\/wp-content\/uploads\/2025\/05\/Logo-Mercat-Santa-Catalina-1000px.png","width":1000,"height":1000,"caption":"Mercat de Santa Catalina"},"image":{"@id":"https:\/\/mercatdesantacatalina.com\/ca\/#\/schema\/logo\/image\/"},"sameAs":["https:\/\/www.facebook.com\/mercatsantacatalina\/","https:\/\/www.instagram.com\/mercatdesantacatalina\/"]}]}},"_links":{"self":[{"href":"https:\/\/mercatdesantacatalina.com\/ca\/wp-json\/wp\/v2\/pages\/2584","targetHints":{"allow":["GET"]}}],"collection":[{"href":"https:\/\/mercatdesantacatalina.com\/ca\/wp-json\/wp\/v2\/pages"}],"about":[{"href":"https:\/\/mercatdesantacatalina.com\/ca\/wp-json\/wp\/v2\/types\/page"}],"author":[{"embeddable":true,"href":"https:\/\/mercatdesantacatalina.com\/ca\/wp-json\/wp\/v2\/users\/2"}],"replies":[{"embeddable":true,"href":"https:\/\/mercatdesantacatalina.com\/ca\/wp-json\/wp\/v2\/comments?post=2584"}],"version-history":[{"count":1,"href":"https:\/\/mercatdesantacatalina.com\/ca\/wp-json\/wp\/v2\/pages\/2584\/revisions"}],"predecessor-version":[{"id":2585,"href":"https:\/\/mercatdesantacatalina.com\/ca\/wp-json\/wp\/v2\/pages\/2584\/revisions\/2585"}],"wp:attachment":[{"href":"https:\/\/mercatdesantacatalina.com\/ca\/wp-json\/wp\/v2\/media?parent=2584"}],"curies":[{"name":"wp","href":"https:\/\/api.w.org\/{rel}","templated":true}]}}